{"id":601,"date":"2015-09-09T14:46:37","date_gmt":"2015-09-09T14:46:37","guid":{"rendered":"https:\/\/www.adi-sa.fr\/?page_id=601"},"modified":"2026-03-18T09:01:06","modified_gmt":"2026-03-18T09:01:06","slug":"le-groupe-icm","status":"publish","type":"page","link":"https:\/\/www.adi-sa.fr\/en\/le-groupe-icm\/","title":{"rendered":"The ICM Group"},"content":{"rendered":"<p class=\"lead\">From his beginnings in April 2007, Claude MARQUET, an entrepreneur from Mayenne and owner of ICM has been involved in very diverse, but sometimes very closely-related activities.<br \/>\nThe ICM Group is composed of:<\/p>\n<h3>Mechanical Division:<\/h3>\n<ul>\n<li>ADI \u2013 ASKEA DESIGN INGENIERIE<\/li>\n<li>PFR &#8211; PLASTIQUE FORME ROMANIA<br \/>\nPFR has been a major player in the toolmaking sector in Romania for many years.<br \/>\nLocated in the west of Romania, in Timisoara, its close working relationship with ADI allows these two companies to pool knowledge and have a presence in both eastern and western Europe.<\/li>\n<li>BCGE\u00a0: <a href=\"http:\/\/www.bcgefatap.com\" target=\"_blank\">www.bcgefatap.com<\/a><br \/>\nA specialist in extrusion blow moulding, they have numerous leading plastic packaging products such as barrels, canisters, bottles and baby bottles.<\/li>\n<\/ul>\n<p>ADI, PFR and BCGE are the Mechanical Division of the ICM Group.<\/p>\n<p>&nbsp;<\/p>\n<h3>Industrial Electricity Division:<\/h3>\n<ul>\n<li><strong>INDUSTRELEC<\/strong>: <a href=\"http:\/\/www.industrelec.com\" target=\"_blank\">www.industrelec.com<\/a><br \/>\nDesign, installation and maintenance of equipment, power distribution, industrial automation systems and technical management of buildings.<\/li>\n<li><strong>AMBER TECHNOLOGIES<\/strong>: <a href=\"http:\/\/www.amber-tech.fr\" target=\"_blank\">www.amber-tech.fr<\/a><br \/>\nIndustrial computer engineering. Implementation of turnkey computer systems backed by industrial processes.<\/li>\n<li><strong>APICOM<\/strong>: <a href=\"http:\/\/www.api-com.it\" target=\"_blank\">www.api-com.it<\/a><br \/>\nWith its subsidiaries in China, India and Brazil, APICOM designs and develops test equipment for:<\/p>\n<ul>\n<li>motorcycle and scooter manufacturers<\/li>\n<li>car and truck manufacturers<\/li>\n<li>conventional and electric engine manufacturers<\/li>\n<\/ul>\n<\/li>\n<\/ul>\n<h3>Refrigeration Division:<\/h3>\n<ul>\n<li><strong>ODIC<\/strong>: <a href=\"http:\/\/www.odic-sa.com\" target=\"_blank\">www.odic-sa.com<\/a> and <strong>GEL-KIT<\/strong>: <a href=\"http:\/\/www.gel-kit.com\" target=\"_blank\">www.gel-kit.com<\/a><br \/>\nDesign, manufacturing and distribution of refrigeration equipment with a network of 450 refrigeration installers across France.<\/li>\n<\/ul>\n<h3>Real estate Division:<\/h3>\n<ul>\n<li><strong>Real estate management<br \/>\n<\/strong>Leasing of furnished offices with administrative services. Domiciliation services and telephone helpline.<\/li>\n<\/ul>\n<h3>Security Division:<\/h3>\n<ul>\n<li><strong>S\u00e9curibail<br \/>\n<\/strong>Installation and maintenance of security equipment, remote monitoring, security, intrusion<br \/>\nLeasing of Security Installations.<\/li>\n<\/ul>\n<p><\/p>","protected":false},"excerpt":{"rendered":"<p>From his beginnings in April 2007, Claude MARQUET, an entrepreneur from Mayenne and owner of ICM has been involved in very diverse, but sometimes very closely-related activities. The ICM Group is composed of: Mechanical Division: ADI \u2013 ASKEA DESIGN INGENIERIE PFR &#8211; PLASTIQUE FORME ROMANIA PFR has been a major player in the toolmaking sector&#8230;  <a href=\"https:\/\/www.adi-sa.fr\/en\/le-groupe-icm\/\" class=\"more-link\" title=\"Read The ICM Group\">Read more &raquo;<\/a><\/p>\n","protected":false},"author":1,"featured_media":0,"parent":0,"menu_order":0,"comment_status":"open","ping_status":"open","template":"","meta":{"footnotes":""},"class_list":["post-601","page","type-page","status-publish","hentry"],"acf":[],"yoast_head":"<!-- This site is optimized with the Yoast SEO plugin v26.0 - https:\/\/yoast.com\/wordpress\/plugins\/seo\/ -->\n<title>ADI | filiale du groupe ICM<\/title>\n<meta name=\"description\" content=\"D\u00e9couvrez la richesse du groupe ICM, pluridisciplinaire et int\u00e9grant ADI dans son p\u00f4le ICM Production depuis 2007\" \/>\n<meta name=\"robots\" content=\"index, follow, max-snippet:-1, max-image-preview:large, max-video-preview:-1\" \/>\n<link rel=\"canonical\" href=\"https:\/\/www.adi-sa.fr\/en\/le-groupe-icm\/\" \/>\n<meta property=\"og:locale\" content=\"en_US\" \/>\n<meta property=\"og:type\" content=\"article\" \/>\n<meta property=\"og:title\" content=\"ADI | filiale du groupe ICM\" \/>\n<meta property=\"og:description\" content=\"D\u00e9couvrez la richesse du groupe ICM, pluridisciplinaire et int\u00e9grant ADI dans son p\u00f4le ICM Production depuis 2007\" \/>\n<meta property=\"og:url\" content=\"https:\/\/www.adi-sa.fr\/en\/le-groupe-icm\/\" \/>\n<meta property=\"og:site_name\" content=\"adi\" \/>\n<meta property=\"article:modified_time\" content=\"2026-03-18T09:01:06+00:00\" \/>\n<meta property=\"og:image\" content=\"https:\/\/www.adi-sa.fr\/wp-content\/uploads\/2026\/03\/Groupe-ICM.jpg\" \/>\n\t<meta property=\"og:image:width\" content=\"282\" \/>\n\t<meta property=\"og:image:height\" content=\"144\" \/>\n\t<meta property=\"og:image:type\" content=\"image\/jpeg\" \/>\n<meta name=\"twitter:card\" content=\"summary_large_image\" \/>\n<meta name=\"twitter:label1\" content=\"Est. reading time\" \/>\n\t<meta name=\"twitter:data1\" content=\"4 minutes\" \/>\n<script type=\"application\/ld+json\" class=\"yoast-schema-graph\">{\"@context\":\"https:\/\/schema.org\",\"@graph\":[{\"@type\":\"WebPage\",\"@id\":\"https:\/\/www.adi-sa.fr\/en\/le-groupe-icm\/\",\"url\":\"https:\/\/www.adi-sa.fr\/en\/le-groupe-icm\/\",\"name\":\"ADI | filiale du groupe ICM\",\"isPartOf\":{\"@id\":\"https:\/\/www.adi-sa.fr\/en\/#website\"},\"primaryImageOfPage\":{\"@id\":\"https:\/\/www.adi-sa.fr\/en\/le-groupe-icm\/#primaryimage\"},\"image\":{\"@id\":\"https:\/\/www.adi-sa.fr\/le-groupe-icm\/#primaryimage\"},\"thumbnailUrl\":\"https:\/\/www.adi-sa.fr\/wp-content\/uploads\/2026\/03\/Groupe-ICM.jpg\",\"datePublished\":\"2015-09-09T14:46:37+00:00\",\"dateModified\":\"2026-03-18T09:01:06+00:00\",\"description\":\"D\u00e9couvrez la richesse du groupe ICM, pluridisciplinaire et int\u00e9grant ADI dans son p\u00f4le ICM Production depuis 2007\",\"breadcrumb\":{\"@id\":\"https:\/\/www.adi-sa.fr\/en\/le-groupe-icm\/#breadcrumb\"},\"inLanguage\":\"en-US\",\"potentialAction\":[{\"@type\":\"ReadAction\",\"target\":[[\"https:\/\/www.adi-sa.fr\/en\/le-groupe-icm\/\"]]}]},{\"@type\":\"ImageObject\",\"inLanguage\":\"en-US\",\"@id\":\"https:\/\/www.adi-sa.fr\/en\/le-groupe-icm\/#primaryimage\",\"url\":\"https:\/\/www.adi-sa.fr\/wp-content\/uploads\/2026\/03\/Groupe-ICM.jpg\",\"contentUrl\":\"https:\/\/www.adi-sa.fr\/wp-content\/uploads\/2026\/03\/Groupe-ICM.jpg\"},{\"@type\":\"BreadcrumbList\",\"@id\":\"https:\/\/www.adi-sa.fr\/en\/le-groupe-icm\/#breadcrumb\",\"itemListElement\":[{\"@type\":\"ListItem\",\"position\":1,\"name\":\"Home\",\"item\":\"https:\/\/www.adi-sa.fr\/en\/\"},{\"@type\":\"ListItem\",\"position\":2,\"name\":\"Le groupe ICM\"}]},{\"@type\":\"WebSite\",\"@id\":\"https:\/\/www.adi-sa.fr\/en\/#website\",\"url\":\"https:\/\/www.adi-sa.fr\/en\/\",\"name\":\"[:fr]ADI[:en]adi[:]\",\"description\":\"Solutions en plasturgie\",\"publisher\":{\"@id\":\"https:\/\/www.adi-sa.fr\/en\/#organization\"},\"potentialAction\":[{\"@type\":\"SearchAction\",\"target\":{\"@type\":\"EntryPoint\",\"urlTemplate\":\"https:\/\/www.adi-sa.fr\/en\/?s={search_term_string}\"},\"query-input\":{\"@type\":\"PropertyValueSpecification\",\"valueRequired\":true,\"valueName\":\"search_term_string\"}}],\"inLanguage\":\"en-US\"},{\"@type\":\"Organization\",\"@id\":\"https:\/\/www.adi-sa.fr\/en\/#organization\",\"name\":\"adi\",\"url\":\"https:\/\/www.adi-sa.fr\/en\/\",\"logo\":{\"@type\":\"ImageObject\",\"inLanguage\":\"en-US\",\"@id\":\"https:\/\/www.adi-sa.fr\/en\/#\/schema\/logo\/image\/\",\"url\":\"https:\/\/www.adi-sa.fr\/wp-content\/uploads\/2025\/09\/logo-adi-groupe-icm.png\",\"contentUrl\":\"https:\/\/www.adi-sa.fr\/wp-content\/uploads\/2025\/09\/logo-adi-groupe-icm.png\",\"width\":1563,\"height\":1563,\"caption\":\"adi\"},\"image\":{\"@id\":\"https:\/\/www.adi-sa.fr\/en\/#\/schema\/logo\/image\/\"}}]}<\/script>\n<!-- \/ Yoast SEO plugin. -->","yoast_head_json":{"title":"ADI | filiale du groupe ICM","description":"D\u00e9couvrez la richesse du groupe ICM, pluridisciplinaire et int\u00e9grant ADI dans son p\u00f4le ICM Production depuis 2007","robots":{"index":"index","follow":"follow","max-snippet":"max-snippet:-1","max-image-preview":"max-image-preview:large","max-video-preview":"max-video-preview:-1"},"canonical":"https:\/\/www.adi-sa.fr\/en\/le-groupe-icm\/","og_locale":"en_US","og_type":"article","og_title":"ADI | filiale du groupe ICM","og_description":"D\u00e9couvrez la richesse du groupe ICM, pluridisciplinaire et int\u00e9grant ADI dans son p\u00f4le ICM Production depuis 2007","og_url":"https:\/\/www.adi-sa.fr\/en\/le-groupe-icm\/","og_site_name":"adi","article_modified_time":"2026-03-18T09:01:06+00:00","og_image":[{"width":282,"height":144,"url":"https:\/\/www.adi-sa.fr\/wp-content\/uploads\/2026\/03\/Groupe-ICM.jpg","type":"image\/jpeg"}],"twitter_card":"summary_large_image","twitter_misc":{"Est. reading time":"4 minutes"},"schema":{"@context":"https:\/\/schema.org","@graph":[{"@type":"WebPage","@id":"https:\/\/www.adi-sa.fr\/en\/le-groupe-icm\/","url":"https:\/\/www.adi-sa.fr\/en\/le-groupe-icm\/","name":"ADI | filiale du groupe ICM","isPartOf":{"@id":"https:\/\/www.adi-sa.fr\/en\/#website"},"primaryImageOfPage":{"@id":"https:\/\/www.adi-sa.fr\/en\/le-groupe-icm\/#primaryimage"},"image":{"@id":"https:\/\/www.adi-sa.fr\/le-groupe-icm\/#primaryimage"},"thumbnailUrl":"https:\/\/www.adi-sa.fr\/wp-content\/uploads\/2026\/03\/Groupe-ICM.jpg","datePublished":"2015-09-09T14:46:37+00:00","dateModified":"2026-03-18T09:01:06+00:00","description":"D\u00e9couvrez la richesse du groupe ICM, pluridisciplinaire et int\u00e9grant ADI dans son p\u00f4le ICM Production depuis 2007","breadcrumb":{"@id":"https:\/\/www.adi-sa.fr\/en\/le-groupe-icm\/#breadcrumb"},"inLanguage":"en-US","potentialAction":[{"@type":"ReadAction","target":[["https:\/\/www.adi-sa.fr\/en\/le-groupe-icm\/"]]}]},{"@type":"ImageObject","inLanguage":"en-US","@id":"https:\/\/www.adi-sa.fr\/en\/le-groupe-icm\/#primaryimage","url":"https:\/\/www.adi-sa.fr\/wp-content\/uploads\/2026\/03\/Groupe-ICM.jpg","contentUrl":"https:\/\/www.adi-sa.fr\/wp-content\/uploads\/2026\/03\/Groupe-ICM.jpg"},{"@type":"BreadcrumbList","@id":"https:\/\/www.adi-sa.fr\/en\/le-groupe-icm\/#breadcrumb","itemListElement":[{"@type":"ListItem","position":1,"name":"Home","item":"https:\/\/www.adi-sa.fr\/en\/"},{"@type":"ListItem","position":2,"name":"Le groupe ICM"}]},{"@type":"WebSite","@id":"https:\/\/www.adi-sa.fr\/en\/#website","url":"https:\/\/www.adi-sa.fr\/en\/","name":"[:fr]ADI[:en]adi[:]","description":"Solutions en plasturgie","publisher":{"@id":"https:\/\/www.adi-sa.fr\/en\/#organization"},"potentialAction":[{"@type":"SearchAction","target":{"@type":"EntryPoint","urlTemplate":"https:\/\/www.adi-sa.fr\/en\/?s={search_term_string}"},"query-input":{"@type":"PropertyValueSpecification","valueRequired":true,"valueName":"search_term_string"}}],"inLanguage":"en-US"},{"@type":"Organization","@id":"https:\/\/www.adi-sa.fr\/en\/#organization","name":"adi","url":"https:\/\/www.adi-sa.fr\/en\/","logo":{"@type":"ImageObject","inLanguage":"en-US","@id":"https:\/\/www.adi-sa.fr\/en\/#\/schema\/logo\/image\/","url":"https:\/\/www.adi-sa.fr\/wp-content\/uploads\/2025\/09\/logo-adi-groupe-icm.png","contentUrl":"https:\/\/www.adi-sa.fr\/wp-content\/uploads\/2025\/09\/logo-adi-groupe-icm.png","width":1563,"height":1563,"caption":"adi"},"image":{"@id":"https:\/\/www.adi-sa.fr\/en\/#\/schema\/logo\/image\/"}}]}},"_links":{"self":[{"href":"https:\/\/www.adi-sa.fr\/en\/wp-json\/wp\/v2\/pages\/601","targetHints":{"allow":["GET"]}}],"collection":[{"href":"https:\/\/www.adi-sa.fr\/en\/wp-json\/wp\/v2\/pages"}],"about":[{"href":"https:\/\/www.adi-sa.fr\/en\/wp-json\/wp\/v2\/types\/page"}],"author":[{"embeddable":true,"href":"https:\/\/www.adi-sa.fr\/en\/wp-json\/wp\/v2\/users\/1"}],"replies":[{"embeddable":true,"href":"https:\/\/www.adi-sa.fr\/en\/wp-json\/wp\/v2\/comments?post=601"}],"version-history":[{"count":7,"href":"https:\/\/www.adi-sa.fr\/en\/wp-json\/wp\/v2\/pages\/601\/revisions"}],"predecessor-version":[{"id":6700,"href":"https:\/\/www.adi-sa.fr\/en\/wp-json\/wp\/v2\/pages\/601\/revisions\/6700"}],"wp:attachment":[{"href":"https:\/\/www.adi-sa.fr\/en\/wp-json\/wp\/v2\/media?parent=601"}],"curies":[{"name":"wp","href":"https:\/\/api.w.org\/{rel}","templated":true}]}}