{"id":344,"date":"2015-04-02T10:47:13","date_gmt":"2015-04-02T10:47:13","guid":{"rendered":"https:\/\/www.adi-sa.fr\/?page_id=344"},"modified":"2015-09-14T12:14:11","modified_gmt":"2015-09-14T12:14:11","slug":"mentions-legales","status":"publish","type":"page","link":"https:\/\/www.adi-sa.fr\/en\/mentions-legales\/","title":{"rendered":"Legal mentions"},"content":{"rendered":"<p class=\"lead\"><strong>raison sociale :<br \/>\n<\/strong>ASKEA DESIGN INGENIERIE (ADI)<br \/>\n<strong>si\u00e8ge social :<br \/>\n<\/strong>Rue du Puits de la Grange &#8211; Parc d\u2019activit\u00e9 de Tabari &#8211; 44190 CLISSON<strong><br \/>\n<\/strong>tel : 02.40.47.73.88<strong><br \/>\n<\/strong><br \/>\n<strong>montant du capital social :<\/p>\n<p><\/strong><br \/>\n<strong>num\u00e9ro de t\u00e9l\u00e9phone :<\/p>\n<p><\/strong><strong>RCS :<br \/>\n<\/strong><br \/>\n<strong>TVA intracommunautaire :<br \/>\n<\/strong><\/p>\n<p><strong>Responsable de la publication :<br \/>\n<\/strong>Guillaume Roccati<strong><br \/>\n<\/strong><\/p>\n<p><strong>h\u00e9bergeur du site\u00a0:<\/strong><br \/>\nGANDI.net<\/p>\n<p>&nbsp;<\/p>","protected":false},"excerpt":{"rendered":"<p>raison sociale : ASKEA DESIGN INGENIERIE (ADI) si\u00e8ge social : Rue du Puits de la Grange &#8211; Parc d\u2019activit\u00e9 de Tabari &#8211; 44190 CLISSON tel : 02.40.47.73.88 montant du capital social : num\u00e9ro de t\u00e9l\u00e9phone : RCS : TVA intracommunautaire : Responsable de la publication : Guillaume Roccati h\u00e9bergeur du site\u00a0: GANDI.net &nbsp;<\/p>\n","protected":false},"author":1,"featured_media":0,"parent":0,"menu_order":0,"comment_status":"open","ping_status":"open","template":"","meta":{"footnotes":""},"class_list":["post-344","page","type-page","status-publish","hentry"],"acf":[],"yoast_head":"<!-- This site is optimized with the Yoast SEO plugin v26.0 - https:\/\/yoast.com\/wordpress\/plugins\/seo\/ -->\n<title>Legal mentions - adi<\/title>\n<meta name=\"robots\" content=\"index, follow, max-snippet:-1, max-image-preview:large, max-video-preview:-1\" \/>\n<link rel=\"canonical\" href=\"https:\/\/www.adi-sa.fr\/en\/mentions-legales\/\" \/>\n<meta property=\"og:locale\" content=\"en_US\" \/>\n<meta property=\"og:type\" content=\"article\" \/>\n<meta property=\"og:title\" content=\"Legal mentions - adi\" \/>\n<meta property=\"og:description\" content=\"raison sociale : ASKEA DESIGN INGENIERIE (ADI) si\u00e8ge social : Rue du Puits de la Grange &#8211; Parc d\u2019activit\u00e9 de Tabari &#8211; 44190 CLISSON tel : 02.40.47.73.88 montant du capital social : num\u00e9ro de t\u00e9l\u00e9phone : RCS : TVA intracommunautaire : Responsable de la publication : Guillaume Roccati h\u00e9bergeur du site\u00a0: GANDI.net &nbsp;\" \/>\n<meta property=\"og:url\" content=\"https:\/\/www.adi-sa.fr\/en\/mentions-legales\/\" \/>\n<meta property=\"og:site_name\" content=\"adi\" \/>\n<meta property=\"article:modified_time\" content=\"2015-09-14T12:14:11+00:00\" \/>\n<meta name=\"twitter:card\" content=\"summary_large_image\" \/>\n<script type=\"application\/ld+json\" class=\"yoast-schema-graph\">{\"@context\":\"https:\/\/schema.org\",\"@graph\":[{\"@type\":\"WebPage\",\"@id\":\"https:\/\/www.adi-sa.fr\/en\/mentions-legales\/\",\"url\":\"https:\/\/www.adi-sa.fr\/en\/mentions-legales\/\",\"name\":\"Legal mentions - adi\",\"isPartOf\":{\"@id\":\"https:\/\/www.adi-sa.fr\/en\/#website\"},\"datePublished\":\"2015-04-02T10:47:13+00:00\",\"dateModified\":\"2015-09-14T12:14:11+00:00\",\"breadcrumb\":{\"@id\":\"https:\/\/www.adi-sa.fr\/en\/mentions-legales\/#breadcrumb\"},\"inLanguage\":\"en-US\",\"potentialAction\":[{\"@type\":\"ReadAction\",\"target\":[[\"https:\/\/www.adi-sa.fr\/en\/mentions-legales\/\"]]}]},{\"@type\":\"BreadcrumbList\",\"@id\":\"https:\/\/www.adi-sa.fr\/en\/mentions-legales\/#breadcrumb\",\"itemListElement\":[{\"@type\":\"ListItem\",\"position\":1,\"name\":\"Home\",\"item\":\"https:\/\/www.adi-sa.fr\/en\/\"},{\"@type\":\"ListItem\",\"position\":2,\"name\":\"Mentions l\u00e9gales\"}]},{\"@type\":\"WebSite\",\"@id\":\"https:\/\/www.adi-sa.fr\/en\/#website\",\"url\":\"https:\/\/www.adi-sa.fr\/en\/\",\"name\":\"[:fr]ADI[:en]adi[:]\",\"description\":\"Solutions en plasturgie\",\"publisher\":{\"@id\":\"https:\/\/www.adi-sa.fr\/en\/#organization\"},\"potentialAction\":[{\"@type\":\"SearchAction\",\"target\":{\"@type\":\"EntryPoint\",\"urlTemplate\":\"https:\/\/www.adi-sa.fr\/en\/?s={search_term_string}\"},\"query-input\":{\"@type\":\"PropertyValueSpecification\",\"valueRequired\":true,\"valueName\":\"search_term_string\"}}],\"inLanguage\":\"en-US\"},{\"@type\":\"Organization\",\"@id\":\"https:\/\/www.adi-sa.fr\/en\/#organization\",\"name\":\"adi\",\"url\":\"https:\/\/www.adi-sa.fr\/en\/\",\"logo\":{\"@type\":\"ImageObject\",\"inLanguage\":\"en-US\",\"@id\":\"https:\/\/www.adi-sa.fr\/en\/#\/schema\/logo\/image\/\",\"url\":\"https:\/\/www.adi-sa.fr\/wp-content\/uploads\/2025\/09\/logo-adi-groupe-icm.png\",\"contentUrl\":\"https:\/\/www.adi-sa.fr\/wp-content\/uploads\/2025\/09\/logo-adi-groupe-icm.png\",\"width\":1563,\"height\":1563,\"caption\":\"adi\"},\"image\":{\"@id\":\"https:\/\/www.adi-sa.fr\/en\/#\/schema\/logo\/image\/\"}}]}<\/script>\n<!-- \/ Yoast SEO plugin. -->","yoast_head_json":{"title":"Legal mentions - adi","robots":{"index":"index","follow":"follow","max-snippet":"max-snippet:-1","max-image-preview":"max-image-preview:large","max-video-preview":"max-video-preview:-1"},"canonical":"https:\/\/www.adi-sa.fr\/en\/mentions-legales\/","og_locale":"en_US","og_type":"article","og_title":"Legal mentions - adi","og_description":"raison sociale : ASKEA DESIGN INGENIERIE (ADI) si\u00e8ge social : Rue du Puits de la Grange &#8211; Parc d\u2019activit\u00e9 de Tabari &#8211; 44190 CLISSON tel : 02.40.47.73.88 montant du capital social : num\u00e9ro de t\u00e9l\u00e9phone : RCS : TVA intracommunautaire : Responsable de la publication : Guillaume Roccati h\u00e9bergeur du site\u00a0: GANDI.net &nbsp;","og_url":"https:\/\/www.adi-sa.fr\/en\/mentions-legales\/","og_site_name":"adi","article_modified_time":"2015-09-14T12:14:11+00:00","twitter_card":"summary_large_image","schema":{"@context":"https:\/\/schema.org","@graph":[{"@type":"WebPage","@id":"https:\/\/www.adi-sa.fr\/en\/mentions-legales\/","url":"https:\/\/www.adi-sa.fr\/en\/mentions-legales\/","name":"Legal mentions - adi","isPartOf":{"@id":"https:\/\/www.adi-sa.fr\/en\/#website"},"datePublished":"2015-04-02T10:47:13+00:00","dateModified":"2015-09-14T12:14:11+00:00","breadcrumb":{"@id":"https:\/\/www.adi-sa.fr\/en\/mentions-legales\/#breadcrumb"},"inLanguage":"en-US","potentialAction":[{"@type":"ReadAction","target":[["https:\/\/www.adi-sa.fr\/en\/mentions-legales\/"]]}]},{"@type":"BreadcrumbList","@id":"https:\/\/www.adi-sa.fr\/en\/mentions-legales\/#breadcrumb","itemListElement":[{"@type":"ListItem","position":1,"name":"Home","item":"https:\/\/www.adi-sa.fr\/en\/"},{"@type":"ListItem","position":2,"name":"Mentions l\u00e9gales"}]},{"@type":"WebSite","@id":"https:\/\/www.adi-sa.fr\/en\/#website","url":"https:\/\/www.adi-sa.fr\/en\/","name":"[:fr]ADI[:en]adi[:]","description":"Solutions en plasturgie","publisher":{"@id":"https:\/\/www.adi-sa.fr\/en\/#organization"},"potentialAction":[{"@type":"SearchAction","target":{"@type":"EntryPoint","urlTemplate":"https:\/\/www.adi-sa.fr\/en\/?s={search_term_string}"},"query-input":{"@type":"PropertyValueSpecification","valueRequired":true,"valueName":"search_term_string"}}],"inLanguage":"en-US"},{"@type":"Organization","@id":"https:\/\/www.adi-sa.fr\/en\/#organization","name":"adi","url":"https:\/\/www.adi-sa.fr\/en\/","logo":{"@type":"ImageObject","inLanguage":"en-US","@id":"https:\/\/www.adi-sa.fr\/en\/#\/schema\/logo\/image\/","url":"https:\/\/www.adi-sa.fr\/wp-content\/uploads\/2025\/09\/logo-adi-groupe-icm.png","contentUrl":"https:\/\/www.adi-sa.fr\/wp-content\/uploads\/2025\/09\/logo-adi-groupe-icm.png","width":1563,"height":1563,"caption":"adi"},"image":{"@id":"https:\/\/www.adi-sa.fr\/en\/#\/schema\/logo\/image\/"}}]}},"_links":{"self":[{"href":"https:\/\/www.adi-sa.fr\/en\/wp-json\/wp\/v2\/pages\/344","targetHints":{"allow":["GET"]}}],"collection":[{"href":"https:\/\/www.adi-sa.fr\/en\/wp-json\/wp\/v2\/pages"}],"about":[{"href":"https:\/\/www.adi-sa.fr\/en\/wp-json\/wp\/v2\/types\/page"}],"author":[{"embeddable":true,"href":"https:\/\/www.adi-sa.fr\/en\/wp-json\/wp\/v2\/users\/1"}],"replies":[{"embeddable":true,"href":"https:\/\/www.adi-sa.fr\/en\/wp-json\/wp\/v2\/comments?post=344"}],"version-history":[{"count":2,"href":"https:\/\/www.adi-sa.fr\/en\/wp-json\/wp\/v2\/pages\/344\/revisions"}],"predecessor-version":[{"id":679,"href":"https:\/\/www.adi-sa.fr\/en\/wp-json\/wp\/v2\/pages\/344\/revisions\/679"}],"wp:attachment":[{"href":"https:\/\/www.adi-sa.fr\/en\/wp-json\/wp\/v2\/media?parent=344"}],"curies":[{"name":"wp","href":"https:\/\/api.w.org\/{rel}","templated":true}]}}