{"id":336,"date":"2015-04-02T10:26:49","date_gmt":"2015-04-02T10:26:49","guid":{"rendered":"https:\/\/www.adi-sa.fr\/?page_id=336"},"modified":"2026-03-16T13:40:35","modified_gmt":"2026-03-16T13:40:35","slug":"parc-machines-injection-plastique","status":"publish","type":"page","link":"https:\/\/www.adi-sa.fr\/en\/parc-machines-injection-plastique\/","title":{"rendered":"Technical Resources"},"content":{"rendered":"<p class=\"lead\">Focusing on engineering and tooling development when it began its activities in 2007, ADI equipped itself with CAD workstations, and adjustment and development equipment.<\/p>\n<p>Subsequently developing its mould manufacturing activity, ADI chose to rely on a comprehensive network of partners for all machining requirements only developing the necessary technical capabilities for its core businesses.<br \/>\nToday, ADI has the following equipment in its 1500 m\u00b2 workshop:<\/p>","protected":false},"excerpt":{"rendered":"<p>Focusing on engineering and tooling development when it began its activities in 2007, ADI equipped itself with CAD workstations, and adjustment and development equipment. Subsequently developing its mould manufacturing activity, ADI chose to rely on a comprehensive network of partners for all machining requirements only developing the necessary technical capabilities for its core businesses. Today,&#8230;  <a href=\"https:\/\/www.adi-sa.fr\/en\/parc-machines-injection-plastique\/\" class=\"more-link\" title=\"Read Technical Resources\">Read more &raquo;<\/a><\/p>\n","protected":false},"author":1,"featured_media":0,"parent":0,"menu_order":0,"comment_status":"open","ping_status":"open","template":"","meta":{"footnotes":""},"class_list":["post-336","page","type-page","status-publish","hentry"],"acf":[],"yoast_head":"<!-- This site is optimized with the Yoast SEO plugin v26.0 - https:\/\/yoast.com\/wordpress\/plugins\/seo\/ -->\n<title>Parc machines et moyens techniques | Injection plastique ADI<\/title>\n<meta name=\"description\" content=\"D\u00e9couvrez le parc machines d\u2019ADI pour vos essais et s\u00e9ries d&#039;injection plastique : adapt\u00e9 aux pi\u00e8ces grandes dimensions, petite \u00e0 grande s\u00e9rie\" \/>\n<meta name=\"robots\" content=\"index, follow, max-snippet:-1, max-image-preview:large, max-video-preview:-1\" \/>\n<link rel=\"canonical\" href=\"https:\/\/www.adi-sa.fr\/en\/parc-machines-injection-plastique\/\" \/>\n<meta property=\"og:locale\" content=\"en_US\" \/>\n<meta property=\"og:type\" content=\"article\" \/>\n<meta property=\"og:title\" content=\"Parc machines et moyens techniques | Injection plastique ADI\" \/>\n<meta property=\"og:description\" content=\"D\u00e9couvrez le parc machines d\u2019ADI pour vos essais et s\u00e9ries d&#039;injection plastique : adapt\u00e9 aux pi\u00e8ces grandes dimensions, petite \u00e0 grande s\u00e9rie\" \/>\n<meta property=\"og:url\" content=\"https:\/\/www.adi-sa.fr\/en\/parc-machines-injection-plastique\/\" \/>\n<meta property=\"og:site_name\" content=\"adi\" \/>\n<meta property=\"article:modified_time\" content=\"2026-03-16T13:40:35+00:00\" \/>\n<meta property=\"og:image\" content=\"https:\/\/www.adi-sa.fr\/wp-content\/uploads\/2021\/01\/1000T-KM.png\" \/>\n\t<meta property=\"og:image:width\" content=\"654\" \/>\n\t<meta property=\"og:image:height\" content=\"491\" \/>\n\t<meta property=\"og:image:type\" content=\"image\/png\" \/>\n<meta name=\"twitter:card\" content=\"summary_large_image\" \/>\n<meta name=\"twitter:label1\" content=\"Est. reading time\" \/>\n\t<meta name=\"twitter:data1\" content=\"5 minutes\" \/>\n<script type=\"application\/ld+json\" class=\"yoast-schema-graph\">{\"@context\":\"https:\/\/schema.org\",\"@graph\":[{\"@type\":\"WebPage\",\"@id\":\"https:\/\/www.adi-sa.fr\/en\/parc-machines-injection-plastique\/\",\"url\":\"https:\/\/www.adi-sa.fr\/en\/parc-machines-injection-plastique\/\",\"name\":\"Parc machines et moyens techniques | Injection plastique ADI\",\"isPartOf\":{\"@id\":\"https:\/\/www.adi-sa.fr\/en\/#website\"},\"primaryImageOfPage\":{\"@id\":\"https:\/\/www.adi-sa.fr\/en\/parc-machines-injection-plastique\/#primaryimage\"},\"image\":{\"@id\":\"https:\/\/www.adi-sa.fr\/parc-machines-injection-plastique\/#primaryimage\"},\"thumbnailUrl\":\"https:\/\/www.adi-sa.fr\/wp-content\/uploads\/2021\/01\/1000T-KM-300x200.png\",\"datePublished\":\"2015-04-02T10:26:49+00:00\",\"dateModified\":\"2026-03-16T13:40:35+00:00\",\"description\":\"D\u00e9couvrez le parc machines d\u2019ADI pour vos essais et s\u00e9ries d'injection plastique : adapt\u00e9 aux pi\u00e8ces grandes dimensions, petite \u00e0 grande s\u00e9rie\",\"breadcrumb\":{\"@id\":\"https:\/\/www.adi-sa.fr\/en\/parc-machines-injection-plastique\/#breadcrumb\"},\"inLanguage\":\"en-US\",\"potentialAction\":[{\"@type\":\"ReadAction\",\"target\":[[\"https:\/\/www.adi-sa.fr\/en\/parc-machines-injection-plastique\/\"]]}]},{\"@type\":\"ImageObject\",\"inLanguage\":\"en-US\",\"@id\":\"https:\/\/www.adi-sa.fr\/en\/parc-machines-injection-plastique\/#primaryimage\",\"url\":\"https:\/\/www.adi-sa.fr\/wp-content\/uploads\/2021\/01\/1000T-KM-300x200.png\",\"contentUrl\":\"https:\/\/www.adi-sa.fr\/wp-content\/uploads\/2021\/01\/1000T-KM-300x200.png\"},{\"@type\":\"BreadcrumbList\",\"@id\":\"https:\/\/www.adi-sa.fr\/en\/parc-machines-injection-plastique\/#breadcrumb\",\"itemListElement\":[{\"@type\":\"ListItem\",\"position\":1,\"name\":\"Home\",\"item\":\"https:\/\/www.adi-sa.fr\/en\/\"},{\"@type\":\"ListItem\",\"position\":2,\"name\":\"Parc machines\"}]},{\"@type\":\"WebSite\",\"@id\":\"https:\/\/www.adi-sa.fr\/en\/#website\",\"url\":\"https:\/\/www.adi-sa.fr\/en\/\",\"name\":\"[:fr]ADI[:en]adi[:]\",\"description\":\"Solutions en plasturgie\",\"publisher\":{\"@id\":\"https:\/\/www.adi-sa.fr\/en\/#organization\"},\"potentialAction\":[{\"@type\":\"SearchAction\",\"target\":{\"@type\":\"EntryPoint\",\"urlTemplate\":\"https:\/\/www.adi-sa.fr\/en\/?s={search_term_string}\"},\"query-input\":{\"@type\":\"PropertyValueSpecification\",\"valueRequired\":true,\"valueName\":\"search_term_string\"}}],\"inLanguage\":\"en-US\"},{\"@type\":\"Organization\",\"@id\":\"https:\/\/www.adi-sa.fr\/en\/#organization\",\"name\":\"adi\",\"url\":\"https:\/\/www.adi-sa.fr\/en\/\",\"logo\":{\"@type\":\"ImageObject\",\"inLanguage\":\"en-US\",\"@id\":\"https:\/\/www.adi-sa.fr\/en\/#\/schema\/logo\/image\/\",\"url\":\"https:\/\/www.adi-sa.fr\/wp-content\/uploads\/2025\/09\/logo-adi-groupe-icm.png\",\"contentUrl\":\"https:\/\/www.adi-sa.fr\/wp-content\/uploads\/2025\/09\/logo-adi-groupe-icm.png\",\"width\":1563,\"height\":1563,\"caption\":\"adi\"},\"image\":{\"@id\":\"https:\/\/www.adi-sa.fr\/en\/#\/schema\/logo\/image\/\"}}]}<\/script>\n<!-- \/ Yoast SEO plugin. -->","yoast_head_json":{"title":"Parc machines et moyens techniques | Injection plastique ADI","description":"D\u00e9couvrez le parc machines d\u2019ADI pour vos essais et s\u00e9ries d'injection plastique : adapt\u00e9 aux pi\u00e8ces grandes dimensions, petite \u00e0 grande s\u00e9rie","robots":{"index":"index","follow":"follow","max-snippet":"max-snippet:-1","max-image-preview":"max-image-preview:large","max-video-preview":"max-video-preview:-1"},"canonical":"https:\/\/www.adi-sa.fr\/en\/parc-machines-injection-plastique\/","og_locale":"en_US","og_type":"article","og_title":"Parc machines et moyens techniques | Injection plastique ADI","og_description":"D\u00e9couvrez le parc machines d\u2019ADI pour vos essais et s\u00e9ries d'injection plastique : adapt\u00e9 aux pi\u00e8ces grandes dimensions, petite \u00e0 grande s\u00e9rie","og_url":"https:\/\/www.adi-sa.fr\/en\/parc-machines-injection-plastique\/","og_site_name":"adi","article_modified_time":"2026-03-16T13:40:35+00:00","og_image":[{"width":654,"height":491,"url":"https:\/\/www.adi-sa.fr\/wp-content\/uploads\/2021\/01\/1000T-KM.png","type":"image\/png"}],"twitter_card":"summary_large_image","twitter_misc":{"Est. reading time":"5 minutes"},"schema":{"@context":"https:\/\/schema.org","@graph":[{"@type":"WebPage","@id":"https:\/\/www.adi-sa.fr\/en\/parc-machines-injection-plastique\/","url":"https:\/\/www.adi-sa.fr\/en\/parc-machines-injection-plastique\/","name":"Parc machines et moyens techniques | Injection plastique ADI","isPartOf":{"@id":"https:\/\/www.adi-sa.fr\/en\/#website"},"primaryImageOfPage":{"@id":"https:\/\/www.adi-sa.fr\/en\/parc-machines-injection-plastique\/#primaryimage"},"image":{"@id":"https:\/\/www.adi-sa.fr\/parc-machines-injection-plastique\/#primaryimage"},"thumbnailUrl":"https:\/\/www.adi-sa.fr\/wp-content\/uploads\/2021\/01\/1000T-KM-300x200.png","datePublished":"2015-04-02T10:26:49+00:00","dateModified":"2026-03-16T13:40:35+00:00","description":"D\u00e9couvrez le parc machines d\u2019ADI pour vos essais et s\u00e9ries d'injection plastique : adapt\u00e9 aux pi\u00e8ces grandes dimensions, petite \u00e0 grande s\u00e9rie","breadcrumb":{"@id":"https:\/\/www.adi-sa.fr\/en\/parc-machines-injection-plastique\/#breadcrumb"},"inLanguage":"en-US","potentialAction":[{"@type":"ReadAction","target":[["https:\/\/www.adi-sa.fr\/en\/parc-machines-injection-plastique\/"]]}]},{"@type":"ImageObject","inLanguage":"en-US","@id":"https:\/\/www.adi-sa.fr\/en\/parc-machines-injection-plastique\/#primaryimage","url":"https:\/\/www.adi-sa.fr\/wp-content\/uploads\/2021\/01\/1000T-KM-300x200.png","contentUrl":"https:\/\/www.adi-sa.fr\/wp-content\/uploads\/2021\/01\/1000T-KM-300x200.png"},{"@type":"BreadcrumbList","@id":"https:\/\/www.adi-sa.fr\/en\/parc-machines-injection-plastique\/#breadcrumb","itemListElement":[{"@type":"ListItem","position":1,"name":"Home","item":"https:\/\/www.adi-sa.fr\/en\/"},{"@type":"ListItem","position":2,"name":"Parc machines"}]},{"@type":"WebSite","@id":"https:\/\/www.adi-sa.fr\/en\/#website","url":"https:\/\/www.adi-sa.fr\/en\/","name":"[:fr]ADI[:en]adi[:]","description":"Solutions en plasturgie","publisher":{"@id":"https:\/\/www.adi-sa.fr\/en\/#organization"},"potentialAction":[{"@type":"SearchAction","target":{"@type":"EntryPoint","urlTemplate":"https:\/\/www.adi-sa.fr\/en\/?s={search_term_string}"},"query-input":{"@type":"PropertyValueSpecification","valueRequired":true,"valueName":"search_term_string"}}],"inLanguage":"en-US"},{"@type":"Organization","@id":"https:\/\/www.adi-sa.fr\/en\/#organization","name":"adi","url":"https:\/\/www.adi-sa.fr\/en\/","logo":{"@type":"ImageObject","inLanguage":"en-US","@id":"https:\/\/www.adi-sa.fr\/en\/#\/schema\/logo\/image\/","url":"https:\/\/www.adi-sa.fr\/wp-content\/uploads\/2025\/09\/logo-adi-groupe-icm.png","contentUrl":"https:\/\/www.adi-sa.fr\/wp-content\/uploads\/2025\/09\/logo-adi-groupe-icm.png","width":1563,"height":1563,"caption":"adi"},"image":{"@id":"https:\/\/www.adi-sa.fr\/en\/#\/schema\/logo\/image\/"}}]}},"_links":{"self":[{"href":"https:\/\/www.adi-sa.fr\/en\/wp-json\/wp\/v2\/pages\/336","targetHints":{"allow":["GET"]}}],"collection":[{"href":"https:\/\/www.adi-sa.fr\/en\/wp-json\/wp\/v2\/pages"}],"about":[{"href":"https:\/\/www.adi-sa.fr\/en\/wp-json\/wp\/v2\/types\/page"}],"author":[{"embeddable":true,"href":"https:\/\/www.adi-sa.fr\/en\/wp-json\/wp\/v2\/users\/1"}],"replies":[{"embeddable":true,"href":"https:\/\/www.adi-sa.fr\/en\/wp-json\/wp\/v2\/comments?post=336"}],"version-history":[{"count":45,"href":"https:\/\/www.adi-sa.fr\/en\/wp-json\/wp\/v2\/pages\/336\/revisions"}],"predecessor-version":[{"id":6683,"href":"https:\/\/www.adi-sa.fr\/en\/wp-json\/wp\/v2\/pages\/336\/revisions\/6683"}],"wp:attachment":[{"href":"https:\/\/www.adi-sa.fr\/en\/wp-json\/wp\/v2\/media?parent=336"}],"curies":[{"name":"wp","href":"https:\/\/api.w.org\/{rel}","templated":true}]}}